{"id":744,"date":"2024-01-24T14:43:34","date_gmt":"2024-01-24T14:43:34","guid":{"rendered":"https:\/\/pathdusseldorf.de\/?page_id=744"},"modified":"2026-02-18T13:48:46","modified_gmt":"2026-02-18T13:48:46","slug":"cookies","status":"publish","type":"page","link":"https:\/\/pathdusseldorf.de\/de\/cookies","title":{"rendered":"Cookies"},"content":{"rendered":"<div data-elementor-type=\"wp-page\" data-elementor-id=\"744\" class=\"elementor elementor-744\" data-elementor-settings=\"{&quot;ha_cmc_init_switcher&quot;:&quot;no&quot;}\">\n\t\t\t\t<div class=\"elementor-element elementor-element-34dc8bb e-flex e-con-boxed e-con e-parent\" data-id=\"34dc8bb\" data-element_type=\"container\" data-e-type=\"container\" data-settings=\"{&quot;background_background&quot;:&quot;classic&quot;,&quot;_ha_eqh_enable&quot;:false}\">\n\t\t\t\t\t<div class=\"e-con-inner\">\n\t\t\t\t<div class=\"elementor-element elementor-element-a4867f0 elementor-widget elementor-widget-heading\" data-id=\"a4867f0\" data-element_type=\"widget\" data-e-type=\"widget\" data-widget_type=\"heading.default\">\n\t\t\t\t<div class=\"elementor-widget-container\">\n\t\t\t\t\t<h1 class=\"elementor-heading-title elementor-size-default\">Cookie-Richtlinie<\/h1>\t\t\t\t<\/div>\n\t\t\t\t<\/div>\n\t\t\t\t\t<\/div>\n\t\t\t\t<\/div>\n\t\t<div class=\"elementor-element elementor-element-b9102cc e-flex e-con-boxed e-con e-parent\" data-id=\"b9102cc\" data-element_type=\"container\" data-e-type=\"container\" data-settings=\"{&quot;_ha_eqh_enable&quot;:false}\">\n\t\t\t\t\t<div class=\"e-con-inner\">\n\t\t\t\t<div class=\"elementor-element elementor-element-0f42d3b elementor-widget elementor-widget-text-editor\" data-id=\"0f42d3b\" data-element_type=\"widget\" data-e-type=\"widget\" data-widget_type=\"text-editor.default\">\n\t\t\t\t<div class=\"elementor-widget-container\">\n\t\t\t\t\t\t\t\t\t<h1><strong>Cookie-Richtlinie<\/strong><\/h1><p>Stand: 18.02.2026<\/p><p>Diese Cookie-Richtlinie erl\u00e4utert, wie die Path D\u00fcsseldorf GmbH auf ihrer Website mit Cookies und \u00e4hnlichen Technologien umgeht, im Einklang mit der Datenschutz-Grundverordnung (DSGVO), der ePrivacy-Richtlinie (Richtlinie 2002\/58\/EG) sowie dem Telekommunikation-Telemedien-Datenschutz-Gesetz (TTDSG).<\/p><h2><strong>1. Verwendung von Cookies<\/strong><\/h2><p>Path D\u00fcsseldorf GmbH verwendet\u00a0<strong>not<\/strong>\u00a0use cookies or similar technologies on its website.<\/p><p>In particular, we do\u00a0<strong>not<\/strong>\u00a0use:<\/p><ul><li>Tracking-Cookies,<\/li><li>Analyse-Cookies,<\/li><li>Marketing- oder Werbe-Cookies,<\/li><li>Social-Media-Plugins,<\/li><li>Cookies von Drittanbietern.<\/li><\/ul><p>No information is stored on or accessed from users\u2019 terminal equipment within the meaning of \u00a7 25(1) TTDSG.<\/p><h2><strong>2. Technische Erforderlichkeit<\/strong><\/h2><p>Our website can be accessed and used\u00a0<strong>without cookies<\/strong>.<br \/>Da keine einwilligungspflichtigen Technologien eingesetzt werden, wird kein Cookie-Banner angezeigt.<\/p><p>Any technically necessary processing required for website delivery (such as server-side access logs) does\u00a0<strong>not<\/strong>\u00a0involve the use of cookies and is explained in our\u00a0<strong>Datenschutzerkl\u00e4rung<\/strong>.<\/p><p><strong>Rechtsgrundlagen:<\/strong><\/p><ul><li>\u00a7 25 Abs. 2 TTDSG (keine Speicherung oder kein Zugriff auf Endger\u00e4te)<\/li><li>Art. 6 DSGVO (keine Verarbeitung personenbezogener Daten durch Cookies)<\/li><\/ul><h2><strong>3. Dienste von Drittanbietern<\/strong><\/h2><p>We do\u00a0<strong>not<\/strong>\u00a0embed third-party services that set cookies, such as:<\/p><ul><li>Analyse-Tools (z. B. Google Analytics),<\/li><li>Werbedienste,<\/li><li>Tracking-Pixel,<\/li><li>Social-Media-Tracking-Technologien.<\/li><\/ul><p>Externe Links (z. B. zu LinkedIn oder Partner-Websites) k\u00f6nnen auf Websites f\u00fchren, die Cookies verwenden. Auf die Datenverarbeitung durch solche Drittanbieter hat die Path D\u00fcsseldorf GmbH keinen Einfluss.<\/p><h2><strong>4. \u00c4nderungen dieser Cookie-Richtlinie<\/strong><\/h2><p>Wir behalten uns vor, diese Cookie-Richtlinie bei Bedarf anzupassen, um rechtlichen, technischen oder organisatorischen \u00c4nderungen Rechnung zu tragen.<\/p><h2><strong>5. Kontakt<\/strong><\/h2><p>Wenn Sie Fragen zu dieser Cookie-Richtlinie oder zum Datenschutz allgemein haben, k\u00f6nnen Sie uns unter folgender E-Mail-Adresse kontaktieren:<\/p><p>\ud83d\udce7\u00a0<strong>support@pathdusseldorf.com<\/strong><\/p>\t\t\t\t\t\t\t\t<\/div>\n\t\t\t\t<\/div>\n\t\t\t\t\t<\/div>\n\t\t\t\t<\/div>\n\t\t\t\t<\/div>\n\t\t\n    <div class=\"xs_social_share_widget xs_share_url after_content \t\tmain_content  wslu-style-1 wslu-share-box-shaped wslu-fill-colored wslu-none wslu-share-horizontal wslu-theme-font-no wslu-main_content\">\n\n\t\t\n        <ul>\n\t\t\t        <\/ul>\n    <\/div>","protected":false},"excerpt":{"rendered":"<p>Cookies Policy Cookies Policy Last updated: 18.02.2026 This Cookies Policy explains how Path D\u00fcsseldorf GmbH handles cookies and similar technologies on its website, in accordance with the General Data Protection Regulation (GDPR \/ DSGVO), the ePrivacy Directive (Directive 2002\/58\/EC), and the German Telecommunications and Telemedia Data Protection Act (TTDSG). 1. Use of Cookies Path D\u00fcsseldorf [&hellip;]<\/p>\n","protected":false},"author":1,"featured_media":0,"parent":0,"menu_order":0,"comment_status":"closed","ping_status":"closed","template":"elementor_canvas","meta":{"postBodyCss":"","postBodyMargin":[],"postBodyPadding":[],"postBodyBackground":{"backgroundType":"classic","gradient":""},"footnotes":""},"class_list":["post-744","page","type-page","status-publish","hentry"],"yoast_head":"<!-- This site is optimized with the Yoast SEO plugin v26.9 - https:\/\/yoast.com\/product\/yoast-seo-wordpress\/ -->\n<title>Cookies - Path Dusseldorf<\/title>\n<meta name=\"robots\" content=\"index, follow, max-snippet:-1, max-image-preview:large, max-video-preview:-1\" \/>\n<link rel=\"canonical\" href=\"https:\/\/pathdusseldorf.de\/de\/cookies\/\" \/>\n<meta property=\"og:locale\" content=\"de_DE\" \/>\n<meta property=\"og:type\" content=\"article\" \/>\n<meta property=\"og:title\" content=\"Cookies - Path Dusseldorf\" \/>\n<meta property=\"og:description\" content=\"Cookies Policy Cookies Policy Last updated: 18.02.2026 This Cookies Policy explains how Path D\u00fcsseldorf GmbH handles cookies and similar technologies on its website, in accordance with the General Data Protection Regulation (GDPR \/ DSGVO), the ePrivacy Directive (Directive 2002\/58\/EC), and the German Telecommunications and Telemedia Data Protection Act (TTDSG). 1. Use of Cookies Path D\u00fcsseldorf [&hellip;]\" \/>\n<meta property=\"og:url\" content=\"https:\/\/pathdusseldorf.de\/de\/cookies\/\" \/>\n<meta property=\"og:site_name\" content=\"Path Dusseldorf\" \/>\n<meta property=\"article:modified_time\" content=\"2026-02-18T13:48:46+00:00\" \/>\n<meta property=\"og:image\" content=\"https:\/\/pathdusseldorf.de\/wp-content\/uploads\/2026\/03\/Path_Dus_Logo_-e1772454326832.png\" \/>\n\t<meta property=\"og:image:width\" content=\"445\" \/>\n\t<meta property=\"og:image:height\" content=\"336\" \/>\n\t<meta property=\"og:image:type\" content=\"image\/png\" \/>\n<meta name=\"twitter:card\" content=\"summary_large_image\" \/>\n<meta name=\"twitter:label1\" content=\"Gesch\u00e4tzte Lesezeit\" \/>\n\t<meta name=\"twitter:data1\" content=\"2\u00a0Minuten\" \/>\n<script type=\"application\/ld+json\" class=\"yoast-schema-graph\">{\"@context\":\"https:\/\/schema.org\",\"@graph\":[{\"@type\":\"WebPage\",\"@id\":\"https:\/\/pathdusseldorf.de\/cookies\",\"url\":\"https:\/\/pathdusseldorf.de\/cookies\",\"name\":\"Cookies - Path Dusseldorf\",\"isPartOf\":{\"@id\":\"https:\/\/pathdusseldorf.de\/#website\"},\"datePublished\":\"2024-01-24T14:43:34+00:00\",\"dateModified\":\"2026-02-18T13:48:46+00:00\",\"breadcrumb\":{\"@id\":\"https:\/\/pathdusseldorf.de\/cookies#breadcrumb\"},\"inLanguage\":\"de\",\"potentialAction\":[{\"@type\":\"ReadAction\",\"target\":[\"https:\/\/pathdusseldorf.de\/cookies\"]}]},{\"@type\":\"BreadcrumbList\",\"@id\":\"https:\/\/pathdusseldorf.de\/cookies#breadcrumb\",\"itemListElement\":[{\"@type\":\"ListItem\",\"position\":1,\"name\":\"Startseite\",\"item\":\"https:\/\/pathdusseldorf.de\/\"},{\"@type\":\"ListItem\",\"position\":2,\"name\":\"Cookies\"}]},{\"@type\":\"WebSite\",\"@id\":\"https:\/\/pathdusseldorf.de\/#website\",\"url\":\"https:\/\/pathdusseldorf.de\/\",\"name\":\"Path Dusseldorf\",\"description\":\"\",\"potentialAction\":[{\"@type\":\"SearchAction\",\"target\":{\"@type\":\"EntryPoint\",\"urlTemplate\":\"https:\/\/pathdusseldorf.de\/?s={search_term_string}\"},\"query-input\":{\"@type\":\"PropertyValueSpecification\",\"valueRequired\":true,\"valueName\":\"search_term_string\"}}],\"inLanguage\":\"de\"}]}<\/script>\n<!-- \/ Yoast SEO plugin. -->","yoast_head_json":{"title":"Cookies - Path Dusseldorf","robots":{"index":"index","follow":"follow","max-snippet":"max-snippet:-1","max-image-preview":"max-image-preview:large","max-video-preview":"max-video-preview:-1"},"canonical":"https:\/\/pathdusseldorf.de\/de\/cookies\/","og_locale":"de_DE","og_type":"article","og_title":"Cookies - Path Dusseldorf","og_description":"Cookies Policy Cookies Policy Last updated: 18.02.2026 This Cookies Policy explains how Path D\u00fcsseldorf GmbH handles cookies and similar technologies on its website, in accordance with the General Data Protection Regulation (GDPR \/ DSGVO), the ePrivacy Directive (Directive 2002\/58\/EC), and the German Telecommunications and Telemedia Data Protection Act (TTDSG). 1. Use of Cookies Path D\u00fcsseldorf [&hellip;]","og_url":"https:\/\/pathdusseldorf.de\/de\/cookies\/","og_site_name":"Path Dusseldorf","article_modified_time":"2026-02-18T13:48:46+00:00","og_image":[{"width":445,"height":336,"url":"https:\/\/pathdusseldorf.de\/wp-content\/uploads\/2026\/03\/Path_Dus_Logo_-e1772454326832.png","type":"image\/png"}],"twitter_card":"summary_large_image","twitter_misc":{"Gesch\u00e4tzte Lesezeit":"2\u00a0Minuten"},"schema":{"@context":"https:\/\/schema.org","@graph":[{"@type":"WebPage","@id":"https:\/\/pathdusseldorf.de\/cookies","url":"https:\/\/pathdusseldorf.de\/cookies","name":"Cookies - Path Dusseldorf","isPartOf":{"@id":"https:\/\/pathdusseldorf.de\/#website"},"datePublished":"2024-01-24T14:43:34+00:00","dateModified":"2026-02-18T13:48:46+00:00","breadcrumb":{"@id":"https:\/\/pathdusseldorf.de\/cookies#breadcrumb"},"inLanguage":"de","potentialAction":[{"@type":"ReadAction","target":["https:\/\/pathdusseldorf.de\/cookies"]}]},{"@type":"BreadcrumbList","@id":"https:\/\/pathdusseldorf.de\/cookies#breadcrumb","itemListElement":[{"@type":"ListItem","position":1,"name":"Startseite","item":"https:\/\/pathdusseldorf.de\/"},{"@type":"ListItem","position":2,"name":"Cookies"}]},{"@type":"WebSite","@id":"https:\/\/pathdusseldorf.de\/#website","url":"https:\/\/pathdusseldorf.de\/","name":"Pfad D\u00fcsseldorf","description":"","potentialAction":[{"@type":"SearchAction","target":{"@type":"EntryPoint","urlTemplate":"https:\/\/pathdusseldorf.de\/?s={search_term_string}"},"query-input":{"@type":"PropertyValueSpecification","valueRequired":true,"valueName":"search_term_string"}}],"inLanguage":"de"}]}},"_links":{"self":[{"href":"https:\/\/pathdusseldorf.de\/de\/wp-json\/wp\/v2\/pages\/744","targetHints":{"allow":["GET"]}}],"collection":[{"href":"https:\/\/pathdusseldorf.de\/de\/wp-json\/wp\/v2\/pages"}],"about":[{"href":"https:\/\/pathdusseldorf.de\/de\/wp-json\/wp\/v2\/types\/page"}],"author":[{"embeddable":true,"href":"https:\/\/pathdusseldorf.de\/de\/wp-json\/wp\/v2\/users\/1"}],"replies":[{"embeddable":true,"href":"https:\/\/pathdusseldorf.de\/de\/wp-json\/wp\/v2\/comments?post=744"}],"version-history":[{"count":16,"href":"https:\/\/pathdusseldorf.de\/de\/wp-json\/wp\/v2\/pages\/744\/revisions"}],"predecessor-version":[{"id":1646,"href":"https:\/\/pathdusseldorf.de\/de\/wp-json\/wp\/v2\/pages\/744\/revisions\/1646"}],"wp:attachment":[{"href":"https:\/\/pathdusseldorf.de\/de\/wp-json\/wp\/v2\/media?parent=744"}],"curies":[{"name":"wp","href":"https:\/\/api.w.org\/{rel}","templated":true}]}}