{"id":735,"date":"2024-01-24T14:42:02","date_gmt":"2024-01-24T14:42:02","guid":{"rendered":"https:\/\/pathdusseldorf.de\/?page_id=735"},"modified":"2026-02-18T13:47:23","modified_gmt":"2026-02-18T13:47:23","slug":"imprint","status":"publish","type":"page","link":"https:\/\/pathdusseldorf.de\/en\/imprint","title":{"rendered":"Imprint"},"content":{"rendered":"\t\t<div data-elementor-type=\"wp-page\" data-elementor-id=\"735\" class=\"elementor elementor-735\" data-elementor-settings=\"{&quot;ha_cmc_init_switcher&quot;:&quot;no&quot;}\">\n\t\t\t\t<div class=\"elementor-element elementor-element-75f3330 e-flex e-con-boxed e-con e-parent\" data-id=\"75f3330\" data-element_type=\"container\" data-e-type=\"container\" data-settings=\"{&quot;background_background&quot;:&quot;classic&quot;,&quot;_ha_eqh_enable&quot;:false}\">\n\t\t\t\t\t<div class=\"e-con-inner\">\n\t\t\t\t<div class=\"elementor-element elementor-element-5a23f1f elementor-widget elementor-widget-heading\" data-id=\"5a23f1f\" data-element_type=\"widget\" data-e-type=\"widget\" data-widget_type=\"heading.default\">\n\t\t\t\t<div class=\"elementor-widget-container\">\n\t\t\t\t\t<h1 class=\"elementor-heading-title elementor-size-default\">Imprint (Impressum)<\/h1>\t\t\t\t<\/div>\n\t\t\t\t<\/div>\n\t\t\t\t\t<\/div>\n\t\t\t\t<\/div>\n\t\t<div class=\"elementor-element elementor-element-01f73d4 e-flex e-con-boxed e-con e-parent\" data-id=\"01f73d4\" data-element_type=\"container\" data-e-type=\"container\" data-settings=\"{&quot;_ha_eqh_enable&quot;:false}\">\n\t\t\t\t\t<div class=\"e-con-inner\">\n\t\t\t\t<div class=\"elementor-element elementor-element-10bbd22 elementor-widget elementor-widget-text-editor\" data-id=\"10bbd22\" data-element_type=\"widget\" data-e-type=\"widget\" data-widget_type=\"text-editor.default\">\n\t\t\t\t<div class=\"elementor-widget-container\">\n\t\t\t\t\t\t\t\t\t<h1><strong>Imprint\u00a0<\/strong><\/h1><p>Information according to \u00a7 5 TMG and \u00a7 18 MStV<\/p><h2><strong>Company Information<\/strong><\/h2><p><strong>Path D\u00fcsseldorf GmbH<\/strong><br \/>c\/o 360 Workspace<br \/>Gerresheimer Stra\u00dfe 86<br \/>40233 D\u00fcsseldorf<br \/>Germany<\/p><h2><strong>Management<\/strong><\/h2><p>Managing Director (Gesch\u00e4ftsf\u00fchrer):<br \/><strong>K. Hakan Hasserbetci<\/strong><\/p><h2><strong>Company Registration<\/strong><\/h2><p>Registered with the Commercial Register:<br \/>Amtsgericht D\u00fcsseldorf<\/p><p>Commercial Register Number:<br \/><strong>HRB 74806<\/strong><\/p><h2><strong>Tax Information<\/strong><\/h2><p>Tax Number (Steuernummer):<br \/><strong>147\/5857\/1411<\/strong><\/p><p>VAT Identification Number according to \u00a7 27a UStG:<br \/><strong>DE300087677<\/strong><\/p><h2><strong>Contact Information<\/strong><\/h2><p>Email:<br \/>\ud83d\udce7 <strong>support@pathdusseldorf.com<\/strong><\/p><h2><strong>Bank Details<\/strong><\/h2><p>Account Holder:<br \/><strong>Path D\u00fcsseldorf GmbH<\/strong><\/p><p>Bank:<br \/><strong>Deutsche Bank Ratingen<\/strong><\/p><p>Account Number (KTN):<br \/>300 9769 605 00<\/p><p>Bank Code (BLZ):<br \/>300 700 24<\/p><p>IBAN:<br \/><strong>DE26 3007 0024 0976 9605 00<\/strong><\/p><p>BIC \/ SWIFT:<br \/><strong>DEUTDEDBDUE<\/strong><\/p><h2><strong>Responsible for Content<\/strong><\/h2><p>Responsible for content according to \u00a7 18 Abs. 2 MStV:<br \/><strong>K. Hakan Hasserbetci<\/strong><br \/>Gerresheimer Stra\u00dfe 86<br \/>40233 D\u00fcsseldorf<br \/>Germany<\/p>\t\t\t\t\t\t\t\t<\/div>\n\t\t\t\t<\/div>\n\t\t\t\t\t<\/div>\n\t\t\t\t<\/div>\n\t\t\t\t<\/div>\n\t\t\n    <div class=\"xs_social_share_widget xs_share_url after_content \t\tmain_content  wslu-style-1 wslu-share-box-shaped wslu-fill-colored wslu-none wslu-share-horizontal wslu-theme-font-no wslu-main_content\">\n\n\t\t\n        <ul>\n\t\t\t        <\/ul>\n    <\/div> \n","protected":false},"excerpt":{"rendered":"<p>Imprint (Impressum) Imprint\u00a0 Information according to \u00a7 5 TMG and \u00a7 18 MStV Company Information Path D\u00fcsseldorf GmbHc\/o 360 WorkspaceGerresheimer Stra\u00dfe 8640233 D\u00fcsseldorfGermany Management Managing Director (Gesch\u00e4ftsf\u00fchrer):K. Hakan Hasserbetci Company Registration Registered with the Commercial Register:Amtsgericht D\u00fcsseldorf Commercial Register Number:HRB 74806 Tax Information Tax Number (Steuernummer):147\/5857\/1411 VAT Identification Number according to \u00a7 27a UStG:DE300087677 Contact [&hellip;]<\/p>\n","protected":false},"author":1,"featured_media":0,"parent":0,"menu_order":0,"comment_status":"closed","ping_status":"closed","template":"elementor_canvas","meta":{"postBodyCss":"","postBodyMargin":[],"postBodyPadding":[],"postBodyBackground":{"backgroundType":"classic","gradient":""},"footnotes":""},"class_list":["post-735","page","type-page","status-publish","hentry"],"yoast_head":"<!-- This site is optimized with the Yoast SEO plugin v26.9 - https:\/\/yoast.com\/product\/yoast-seo-wordpress\/ -->\n<title>Imprint - Path Dusseldorf<\/title>\n<meta name=\"robots\" content=\"index, follow, max-snippet:-1, max-image-preview:large, max-video-preview:-1\" \/>\n<link rel=\"canonical\" href=\"https:\/\/pathdusseldorf.de\/en\/imprint\/\" \/>\n<meta property=\"og:locale\" content=\"en_US\" \/>\n<meta property=\"og:type\" content=\"article\" \/>\n<meta property=\"og:title\" content=\"Imprint - Path Dusseldorf\" \/>\n<meta property=\"og:description\" content=\"Imprint (Impressum) Imprint\u00a0 Information according to \u00a7 5 TMG and \u00a7 18 MStV Company Information Path D\u00fcsseldorf GmbHc\/o 360 WorkspaceGerresheimer Stra\u00dfe 8640233 D\u00fcsseldorfGermany Management Managing Director (Gesch\u00e4ftsf\u00fchrer):K. Hakan Hasserbetci Company Registration Registered with the Commercial Register:Amtsgericht D\u00fcsseldorf Commercial Register Number:HRB 74806 Tax Information Tax Number (Steuernummer):147\/5857\/1411 VAT Identification Number according to \u00a7 27a UStG:DE300087677 Contact [&hellip;]\" \/>\n<meta property=\"og:url\" content=\"https:\/\/pathdusseldorf.de\/en\/imprint\/\" \/>\n<meta property=\"og:site_name\" content=\"Path Dusseldorf\" \/>\n<meta property=\"article:modified_time\" content=\"2026-02-18T13:47:23+00:00\" \/>\n<meta property=\"og:image\" content=\"https:\/\/pathdusseldorf.de\/wp-content\/uploads\/2026\/03\/Path_Dus_Logo_-e1772454326832.png\" \/>\n\t<meta property=\"og:image:width\" content=\"445\" \/>\n\t<meta property=\"og:image:height\" content=\"336\" \/>\n\t<meta property=\"og:image:type\" content=\"image\/png\" \/>\n<meta name=\"twitter:card\" content=\"summary_large_image\" \/>\n<meta name=\"twitter:label1\" content=\"Est. reading time\" \/>\n\t<meta name=\"twitter:data1\" content=\"1 minute\" \/>\n<script type=\"application\/ld+json\" class=\"yoast-schema-graph\">{\"@context\":\"https:\/\/schema.org\",\"@graph\":[{\"@type\":\"WebPage\",\"@id\":\"https:\/\/pathdusseldorf.de\/imprint\",\"url\":\"https:\/\/pathdusseldorf.de\/imprint\",\"name\":\"Imprint - Path Dusseldorf\",\"isPartOf\":{\"@id\":\"https:\/\/pathdusseldorf.de\/#website\"},\"datePublished\":\"2024-01-24T14:42:02+00:00\",\"dateModified\":\"2026-02-18T13:47:23+00:00\",\"breadcrumb\":{\"@id\":\"https:\/\/pathdusseldorf.de\/imprint#breadcrumb\"},\"inLanguage\":\"en-US\",\"potentialAction\":[{\"@type\":\"ReadAction\",\"target\":[\"https:\/\/pathdusseldorf.de\/imprint\"]}]},{\"@type\":\"BreadcrumbList\",\"@id\":\"https:\/\/pathdusseldorf.de\/imprint#breadcrumb\",\"itemListElement\":[{\"@type\":\"ListItem\",\"position\":1,\"name\":\"Startseite\",\"item\":\"https:\/\/pathdusseldorf.de\/\"},{\"@type\":\"ListItem\",\"position\":2,\"name\":\"Imprint\"}]},{\"@type\":\"WebSite\",\"@id\":\"https:\/\/pathdusseldorf.de\/#website\",\"url\":\"https:\/\/pathdusseldorf.de\/\",\"name\":\"Path Dusseldorf\",\"description\":\"\",\"potentialAction\":[{\"@type\":\"SearchAction\",\"target\":{\"@type\":\"EntryPoint\",\"urlTemplate\":\"https:\/\/pathdusseldorf.de\/?s={search_term_string}\"},\"query-input\":{\"@type\":\"PropertyValueSpecification\",\"valueRequired\":true,\"valueName\":\"search_term_string\"}}],\"inLanguage\":\"en-US\"}]}<\/script>\n<!-- \/ Yoast SEO plugin. -->","yoast_head_json":{"title":"Imprint - Path Dusseldorf","robots":{"index":"index","follow":"follow","max-snippet":"max-snippet:-1","max-image-preview":"max-image-preview:large","max-video-preview":"max-video-preview:-1"},"canonical":"https:\/\/pathdusseldorf.de\/en\/imprint\/","og_locale":"en_US","og_type":"article","og_title":"Imprint - Path Dusseldorf","og_description":"Imprint (Impressum) Imprint\u00a0 Information according to \u00a7 5 TMG and \u00a7 18 MStV Company Information Path D\u00fcsseldorf GmbHc\/o 360 WorkspaceGerresheimer Stra\u00dfe 8640233 D\u00fcsseldorfGermany Management Managing Director (Gesch\u00e4ftsf\u00fchrer):K. Hakan Hasserbetci Company Registration Registered with the Commercial Register:Amtsgericht D\u00fcsseldorf Commercial Register Number:HRB 74806 Tax Information Tax Number (Steuernummer):147\/5857\/1411 VAT Identification Number according to \u00a7 27a UStG:DE300087677 Contact [&hellip;]","og_url":"https:\/\/pathdusseldorf.de\/en\/imprint\/","og_site_name":"Path Dusseldorf","article_modified_time":"2026-02-18T13:47:23+00:00","og_image":[{"width":445,"height":336,"url":"https:\/\/pathdusseldorf.de\/wp-content\/uploads\/2026\/03\/Path_Dus_Logo_-e1772454326832.png","type":"image\/png"}],"twitter_card":"summary_large_image","twitter_misc":{"Est. reading time":"1 minute"},"schema":{"@context":"https:\/\/schema.org","@graph":[{"@type":"WebPage","@id":"https:\/\/pathdusseldorf.de\/imprint","url":"https:\/\/pathdusseldorf.de\/imprint","name":"Imprint - Path Dusseldorf","isPartOf":{"@id":"https:\/\/pathdusseldorf.de\/#website"},"datePublished":"2024-01-24T14:42:02+00:00","dateModified":"2026-02-18T13:47:23+00:00","breadcrumb":{"@id":"https:\/\/pathdusseldorf.de\/imprint#breadcrumb"},"inLanguage":"en-US","potentialAction":[{"@type":"ReadAction","target":["https:\/\/pathdusseldorf.de\/imprint"]}]},{"@type":"BreadcrumbList","@id":"https:\/\/pathdusseldorf.de\/imprint#breadcrumb","itemListElement":[{"@type":"ListItem","position":1,"name":"Startseite","item":"https:\/\/pathdusseldorf.de\/"},{"@type":"ListItem","position":2,"name":"Imprint"}]},{"@type":"WebSite","@id":"https:\/\/pathdusseldorf.de\/#website","url":"https:\/\/pathdusseldorf.de\/","name":"Path Dusseldorf","description":"","potentialAction":[{"@type":"SearchAction","target":{"@type":"EntryPoint","urlTemplate":"https:\/\/pathdusseldorf.de\/?s={search_term_string}"},"query-input":{"@type":"PropertyValueSpecification","valueRequired":true,"valueName":"search_term_string"}}],"inLanguage":"en-US"}]}},"_links":{"self":[{"href":"https:\/\/pathdusseldorf.de\/en\/wp-json\/wp\/v2\/pages\/735","targetHints":{"allow":["GET"]}}],"collection":[{"href":"https:\/\/pathdusseldorf.de\/en\/wp-json\/wp\/v2\/pages"}],"about":[{"href":"https:\/\/pathdusseldorf.de\/en\/wp-json\/wp\/v2\/types\/page"}],"author":[{"embeddable":true,"href":"https:\/\/pathdusseldorf.de\/en\/wp-json\/wp\/v2\/users\/1"}],"replies":[{"embeddable":true,"href":"https:\/\/pathdusseldorf.de\/en\/wp-json\/wp\/v2\/comments?post=735"}],"version-history":[{"count":20,"href":"https:\/\/pathdusseldorf.de\/en\/wp-json\/wp\/v2\/pages\/735\/revisions"}],"predecessor-version":[{"id":1643,"href":"https:\/\/pathdusseldorf.de\/en\/wp-json\/wp\/v2\/pages\/735\/revisions\/1643"}],"wp:attachment":[{"href":"https:\/\/pathdusseldorf.de\/en\/wp-json\/wp\/v2\/media?parent=735"}],"curies":[{"name":"wp","href":"https:\/\/api.w.org\/{rel}","templated":true}]}}